{"id":1945,"date":"2024-05-16T15:17:19","date_gmt":"2024-05-16T13:17:19","guid":{"rendered":"https:\/\/www.przychodnianadstawem.pl\/?page_id=1945"},"modified":"2024-05-16T15:17:48","modified_gmt":"2024-05-16T13:17:48","slug":"formularz-wyboru-pielegniarki","status":"publish","type":"page","link":"https:\/\/www.przychodnianadstawem.pl\/?page_id=1945","title":{"rendered":"Formularz wyboru piel\u0119gniarki"},"content":{"rendered":"\t\t<div data-elementor-type=\"wp-page\" data-elementor-id=\"1945\" class=\"elementor elementor-1945\" data-elementor-post-type=\"page\">\n\t\t\t\t<div class=\"elementor-element elementor-element-dd03c50 e-flex e-con-boxed e-con e-parent\" data-id=\"dd03c50\" data-element_type=\"container\" data-e-type=\"container\">\n\t\t\t\t\t<div class=\"e-con-inner\">\n\t\t\t\t<div class=\"elementor-element elementor-element-ae344a9 elementor-view-default elementor-widget elementor-widget-icon\" data-id=\"ae344a9\" data-element_type=\"widget\" data-e-type=\"widget\" data-widget_type=\"icon.default\">\n\t\t\t\t<div class=\"elementor-widget-container\">\n\t\t\t\t\t\t\t<div class=\"elementor-icon-wrapper\">\n\t\t\t<div class=\"elementor-icon\">\n\t\t\t<svg aria-hidden=\"true\" class=\"e-font-icon-svg e-far-smile\" viewBox=\"0 0 496 512\" xmlns=\"http:\/\/www.w3.org\/2000\/svg\"><path d=\"M248 8C111 8 0 119 0 256s111 248 248 248 248-111 248-248S385 8 248 8zm0 448c-110.3 0-200-89.7-200-200S137.7 56 248 56s200 89.7 200 200-89.7 200-200 200zm-80-216c17.7 0 32-14.3 32-32s-14.3-32-32-32-32 14.3-32 32 14.3 32 32 32zm160 0c17.7 0 32-14.3 32-32s-14.3-32-32-32-32 14.3-32 32 14.3 32 32 32zm4 72.6c-20.8 25-51.5 39.4-84 39.4s-63.2-14.3-84-39.4c-8.5-10.2-23.7-11.5-33.8-3.1-10.2 8.5-11.5 23.6-3.1 33.8 30 36 74.1 56.6 120.9 56.6s90.9-20.6 120.9-56.6c8.5-10.2 7.1-25.3-3.1-33.8-10.1-8.4-25.3-7.1-33.8 3.1z\"><\/path><\/svg>\t\t\t<\/div>\n\t\t<\/div>\n\t\t\t\t\t\t<\/div>\n\t\t\t\t<\/div>\n\t\t<div class=\"elementor-element elementor-element-d00aa0a e-flex e-con-boxed e-con e-child\" data-id=\"d00aa0a\" data-element_type=\"container\" data-e-type=\"container\">\n\t\t\t\t\t<div class=\"e-con-inner\">\n\t\t\t\t<div class=\"elementor-element elementor-element-a78751a elementor-widget elementor-widget-heading\" data-id=\"a78751a\" data-element_type=\"widget\" data-e-type=\"widget\" data-widget_type=\"heading.default\">\n\t\t\t\t<div class=\"elementor-widget-container\">\n\t\t\t\t\t<h2 class=\"elementor-heading-title elementor-size-default\">Pami\u0119taj o poprawnym wype\u0142nieniu formularza<\/h2>\t\t\t\t<\/div>\n\t\t\t\t<\/div>\n\t\t\t\t<div class=\"elementor-element elementor-element-c68fd12 elementor-widget elementor-widget-heading\" data-id=\"c68fd12\" data-element_type=\"widget\" data-e-type=\"widget\" data-widget_type=\"heading.default\">\n\t\t\t\t<div class=\"elementor-widget-container\">\n\t\t\t\t\t<h2 class=\"elementor-heading-title elementor-size-default\">Podaj pe\u0142n\u0105 nazw\u0119 sp\u00f3\u0142ki i adres wed\u0142ug poni\u017cszego przyk\u0142adu.<\/h2>\t\t\t\t<\/div>\n\t\t\t\t<\/div>\n\t\t\t\t\t<\/div>\n\t\t\t\t<\/div>\n\t\t\t\t<div class=\"elementor-element elementor-element-e518991 elementor-widget elementor-widget-image\" data-id=\"e518991\" data-element_type=\"widget\" data-e-type=\"widget\" data-widget_type=\"image.default\">\n\t\t\t\t<div class=\"elementor-widget-container\">\n\t\t\t\t\t\t\t\t\t\t\t\t\t\t\t<img fetchpriority=\"high\" decoding=\"async\" width=\"800\" height=\"264\" src=\"https:\/\/www.przychodnianadstawem.pl\/wp-content\/uploads\/2024\/05\/Zrzut-ekranu-2024-05-16-o-14.38.32-1-1024x338.png\" class=\"attachment-large size-large wp-image-1922\" alt=\"\" srcset=\"https:\/\/www.przychodnianadstawem.pl\/wp-content\/uploads\/2024\/05\/Zrzut-ekranu-2024-05-16-o-14.38.32-1-1024x338.png 1024w, https:\/\/www.przychodnianadstawem.pl\/wp-content\/uploads\/2024\/05\/Zrzut-ekranu-2024-05-16-o-14.38.32-1-300x99.png 300w, https:\/\/www.przychodnianadstawem.pl\/wp-content\/uploads\/2024\/05\/Zrzut-ekranu-2024-05-16-o-14.38.32-1-768x253.png 768w, https:\/\/www.przychodnianadstawem.pl\/wp-content\/uploads\/2024\/05\/Zrzut-ekranu-2024-05-16-o-14.38.32-1-1536x506.png 1536w, https:\/\/www.przychodnianadstawem.pl\/wp-content\/uploads\/2024\/05\/Zrzut-ekranu-2024-05-16-o-14.38.32-1.png 1656w\" sizes=\"(max-width: 800px) 100vw, 800px\" \/>\t\t\t\t\t\t\t\t\t\t\t\t\t\t\t<\/div>\n\t\t\t\t<\/div>\n\t\t\t\t<div class=\"elementor-element elementor-element-e1d97d9 elementor-widget elementor-widget-button\" data-id=\"e1d97d9\" data-element_type=\"widget\" data-e-type=\"widget\" data-widget_type=\"button.default\">\n\t\t\t\t<div class=\"elementor-widget-container\">\n\t\t\t\t\t\t\t\t\t<div class=\"elementor-button-wrapper\">\n\t\t\t\t\t<a class=\"elementor-button elementor-button-link elementor-size-sm\" href=\"https:\/\/www.przychodnianadstawem.pl\/wp-content\/uploads\/2024\/05\/Deklaracja-wyboru-pielegniarki.pdf\">\n\t\t\t\t\t\t<span class=\"elementor-button-content-wrapper\">\n\t\t\t\t\t\t<span class=\"elementor-button-icon\">\n\t\t\t\t<svg aria-hidden=\"true\" class=\"e-font-icon-svg e-fas-file-download\" viewBox=\"0 0 384 512\" xmlns=\"http:\/\/www.w3.org\/2000\/svg\"><path d=\"M224 136V0H24C10.7 0 0 10.7 0 24v464c0 13.3 10.7 24 24 24h336c13.3 0 24-10.7 24-24V160H248c-13.2 0-24-10.8-24-24zm76.45 211.36l-96.42 95.7c-6.65 6.61-17.39 6.61-24.04 0l-96.42-95.7C73.42 337.29 80.54 320 94.82 320H160v-80c0-8.84 7.16-16 16-16h32c8.84 0 16 7.16 16 16v80h65.18c14.28 0 21.4 17.29 11.27 27.36zM377 105L279.1 7c-4.5-4.5-10.6-7-17-7H256v128h128v-6.1c0-6.3-2.5-12.4-7-16.9z\"><\/path><\/svg>\t\t\t<\/span>\n\t\t\t\t\t\t\t\t\t<span class=\"elementor-button-text\">Rozumiem, pobierz formularz<\/span>\n\t\t\t\t\t<\/span>\n\t\t\t\t\t<\/a>\n\t\t\t\t<\/div>\n\t\t\t\t\t\t\t\t<\/div>\n\t\t\t\t<\/div>\n\t\t\t\t\t<\/div>\n\t\t\t\t<\/div>\n\t\t\t\t<\/div>\n\t\t","protected":false},"excerpt":{"rendered":"<p>Pami\u0119taj o poprawnym wype\u0142nieniu formularza Podaj pe\u0142n\u0105 nazw\u0119 sp\u00f3\u0142ki i adres wed\u0142ug poni\u017cszego przyk\u0142adu. Rozumiem, pobierz formularz<\/p>\n","protected":false},"author":1,"featured_media":0,"parent":0,"menu_order":0,"comment_status":"closed","ping_status":"closed","template":"","meta":{"footnotes":""},"class_list":["post-1945","page","type-page","status-publish","hentry"],"_links":{"self":[{"href":"https:\/\/www.przychodnianadstawem.pl\/index.php?rest_route=\/wp\/v2\/pages\/1945","targetHints":{"allow":["GET"]}}],"collection":[{"href":"https:\/\/www.przychodnianadstawem.pl\/index.php?rest_route=\/wp\/v2\/pages"}],"about":[{"href":"https:\/\/www.przychodnianadstawem.pl\/index.php?rest_route=\/wp\/v2\/types\/page"}],"author":[{"embeddable":true,"href":"https:\/\/www.przychodnianadstawem.pl\/index.php?rest_route=\/wp\/v2\/users\/1"}],"replies":[{"embeddable":true,"href":"https:\/\/www.przychodnianadstawem.pl\/index.php?rest_route=%2Fwp%2Fv2%2Fcomments&post=1945"}],"version-history":[{"count":4,"href":"https:\/\/www.przychodnianadstawem.pl\/index.php?rest_route=\/wp\/v2\/pages\/1945\/revisions"}],"predecessor-version":[{"id":1949,"href":"https:\/\/www.przychodnianadstawem.pl\/index.php?rest_route=\/wp\/v2\/pages\/1945\/revisions\/1949"}],"wp:attachment":[{"href":"https:\/\/www.przychodnianadstawem.pl\/index.php?rest_route=%2Fwp%2Fv2%2Fmedia&parent=1945"}],"curies":[{"name":"wp","href":"https:\/\/api.w.org\/{rel}","templated":true}]}}